{"id":6,"date":"2024-03-04T08:56:31","date_gmt":"2024-03-04T11:56:31","guid":{"rendered":"http:\/\/madeiramartinsadv.com.br\/?page_id=6"},"modified":"2024-10-13T10:28:36","modified_gmt":"2024-10-13T13:28:36","slug":"inicio","status":"publish","type":"page","link":"https:\/\/madeiramartinsadv.com.br\/","title":{"rendered":"In\u00edcio"},"content":{"rendered":"<p>Madeira &amp; Martins Advocacia<\/p>\n<p>Direito feito <strong>sob medida<\/strong><\/p>\n<style>\/*! elementor - v3.19.0 - 28-02-2024 *\/<br \/>\n.elementor-widget-divider{--divider-border-style:none;--divider-border-width:1px;--divider-color:#0c0d0e;--divider-icon-size:20px;--divider-element-spacing:10px;--divider-pattern-height:24px;--divider-pattern-size:20px;--divider-pattern-url:none;--divider-pattern-repeat:repeat-x}.elementor-widget-divider .elementor-divider{display:flex}.elementor-widget-divider .elementor-divider__text{font-size:15px;line-height:1;max-width:95%}.elementor-widget-divider .elementor-divider__element{margin:0 var(--divider-element-spacing);flex-shrink:0}.elementor-widget-divider .elementor-icon{font-size:var(--divider-icon-size)}.elementor-widget-divider .elementor-divider-separator{display:flex;margin:0;direction:ltr}.elementor-widget-divider--view-line_icon .elementor-divider-separator,.elementor-widget-divider--view-line_text .elementor-divider-separator{align-items:center}.elementor-widget-divider--view-line_icon .elementor-divider-separator:after,.elementor-widget-divider--view-line_icon .elementor-divider-separator:before,.elementor-widget-divider--view-line_text .elementor-divider-separator:after,.elementor-widget-divider--view-line_text .elementor-divider-separator:before{display:block;content:\"\";border-block-end:0;flex-grow:1;border-block-start:var(--divider-border-width) var(--divider-border-style) var(--divider-color)}.elementor-widget-divider--element-align-left .elementor-divider .elementor-divider-separator>.elementor-divider__svg:first-of-type{flex-grow:0;flex-shrink:100}.elementor-widget-divider--element-align-left .elementor-divider-separator:before{content:none}.elementor-widget-divider--element-align-left .elementor-divider__element{margin-left:0}.elementor-widget-divider--element-align-right .elementor-divider .elementor-divider-separator>.elementor-divider__svg:last-of-type{flex-grow:0;flex-shrink:100}.elementor-widget-divider--element-align-right .elementor-divider-separator:after{content:none}.elementor-widget-divider--element-align-right .elementor-divider__element{margin-right:0}.elementor-widget-divider--element-align-start .elementor-divider .elementor-divider-separator>.elementor-divider__svg:first-of-type{flex-grow:0;flex-shrink:100}.elementor-widget-divider--element-align-start .elementor-divider-separator:before{content:none}.elementor-widget-divider--element-align-start .elementor-divider__element{margin-inline-start:0}.elementor-widget-divider--element-align-end .elementor-divider .elementor-divider-separator>.elementor-divider__svg:last-of-type{flex-grow:0;flex-shrink:100}.elementor-widget-divider--element-align-end .elementor-divider-separator:after{content:none}.elementor-widget-divider--element-align-end .elementor-divider__element{margin-inline-end:0}.elementor-widget-divider:not(.elementor-widget-divider--view-line_text):not(.elementor-widget-divider--view-line_icon) .elementor-divider-separator{border-block-start:var(--divider-border-width) var(--divider-border-style) var(--divider-color)}.elementor-widget-divider--separator-type-pattern{--divider-border-style:none}.elementor-widget-divider--separator-type-pattern.elementor-widget-divider--view-line .elementor-divider-separator,.elementor-widget-divider--separator-type-pattern:not(.elementor-widget-divider--view-line) .elementor-divider-separator:after,.elementor-widget-divider--separator-type-pattern:not(.elementor-widget-divider--view-line) .elementor-divider-separator:before,.elementor-widget-divider--separator-type-pattern:not([class*=elementor-widget-divider--view]) .elementor-divider-separator{width:100%;min-height:var(--divider-pattern-height);-webkit-mask-size:var(--divider-pattern-size) 100%;mask-size:var(--divider-pattern-size) 100%;-webkit-mask-repeat:var(--divider-pattern-repeat);mask-repeat:var(--divider-pattern-repeat);background-color:var(--divider-color);-webkit-mask-image:var(--divider-pattern-url);mask-image:var(--divider-pattern-url)}.elementor-widget-divider--no-spacing{--divider-pattern-size:auto}.elementor-widget-divider--bg-round{--divider-pattern-repeat:round}.rtl .elementor-widget-divider .elementor-divider__text{direction:rtl}.e-con-inner>.elementor-widget-divider,.e-con>.elementor-widget-divider{width:var(--container-widget-width,100%);--flex-grow:var(--container-widget-flex-grow)}<\/style>\n<p><a href=\"http:\/\/wa.me\/+5551991821486\" target=\"_blank\" rel=\"noopener\"><br \/>\nentrar em contato<br \/>\n<\/a><\/p>\n<p>o escrit\u00f3rio<\/p>\n<p><strong>Sobre<\/strong><\/p>\n<p>A Madeira &amp; Martins Advocacia oferece <strong>servi\u00e7os jur\u00eddicos full service<\/strong> de qualidade que envolvem uma combina\u00e7\u00e3o de habilidades, conhecimentos e \u00e9tica profissional.<\/p>\n<p>Praticar a advocacia de maneira pr\u00e1tica, objetiva, assertiva e que auxilie os clientes na transforma\u00e7\u00e3o de temas de preocupa\u00e7\u00e3o ou interesse em a\u00e7\u00f5es que gerem valor para os seus neg\u00f3cios, com base em <strong>estrat\u00e9gias seguras<\/strong>, \u00e9 nossa miss\u00e3o.<\/p>\n<p>Buscar <strong>excel\u00eancia<\/strong> na constru\u00e7\u00e3o de rela\u00e7\u00f5es de comprometimento, inova\u00e7\u00e3o, confian\u00e7a, \u00e9tica e transpar\u00eancia com nossos clientes \u00e9 o que nos move.<\/p>\n<p>Ao escolher a Madeira &amp; Martins Advocacia, voc\u00ea pode ter a tranquilidade de que est\u00e1 recebendo a <strong>melhor orienta\u00e7\u00e3o jur\u00eddica do mercado<\/strong>, feita sob medida para voc\u00ea.<\/p>\n<style>\/*! elementor - v3.19.0 - 28-02-2024 *\/<br \/>\n.elementor-heading-title{padding:0;margin:0;line-height:1}.elementor-widget-heading .elementor-heading-title[class*=elementor-size-]>a{color:inherit;font-size:inherit;line-height:inherit}.elementor-widget-heading .elementor-heading-title.elementor-size-small{font-size:15px}.elementor-widget-heading .elementor-heading-title.elementor-size-medium{font-size:19px}.elementor-widget-heading .elementor-heading-title.elementor-size-large{font-size:29px}.elementor-widget-heading .elementor-heading-title.elementor-size-xl{font-size:39px}.elementor-widget-heading .elementor-heading-title.elementor-size-xxl{font-size:59px}<\/style>\n<h2>\u00e1reas de atua\u00e7\u00e3o<\/h2>\n<h2>Nossos servi\u00e7os<\/h2>\n<style>\/*! elementor - v3.19.0 - 28-02-2024 *\/<br \/>\n.elementor-widget-image{text-align:center}.elementor-widget-image a{display:inline-block}.elementor-widget-image a img[src$=\".svg\"]{width:48px}.elementor-widget-image img{vertical-align:middle;display:inline-block}<\/style>\n<p><img decoding=\"async\" src=\"http:\/\/madeiramartinsadv.com.br\/wp-content\/uploads\/2024\/03\/Compliance.png\" alt=\"\" width=\"169\" height=\"180\" \/><\/p>\n<h2>Compliance<\/h2>\n<p><img decoding=\"async\" src=\"http:\/\/madeiramartinsadv.com.br\/wp-content\/uploads\/2024\/03\/Contratos.png\" alt=\"\" width=\"142\" height=\"180\" \/><\/p>\n<h2>Contratos<\/h2>\n<p><img decoding=\"async\" src=\"http:\/\/madeiramartinsadv.com.br\/wp-content\/uploads\/2024\/03\/Propriedade-Intelectual.png\" alt=\"\" width=\"180\" height=\"171\" \/><\/p>\n<h2>Propriedade intelectual<\/h2>\n<p><img loading=\"lazy\" decoding=\"async\" src=\"http:\/\/madeiramartinsadv.com.br\/wp-content\/uploads\/2024\/03\/Civel.png\" sizes=\"(max-width: 180px) 100vw, 180px\" srcset=\"https:\/\/madeiramartinsadv.com.br\/wp-content\/uploads\/2024\/03\/Civel.png 180w, https:\/\/madeiramartinsadv.com.br\/wp-content\/uploads\/2024\/03\/Civel-150x150.png 150w\" alt=\"\" width=\"180\" height=\"180\" \/><\/p>\n<h2>C\u00edvel<\/h2>\n<p><img loading=\"lazy\" decoding=\"async\" src=\"http:\/\/madeiramartinsadv.com.br\/wp-content\/uploads\/2024\/03\/Protecao-de-Dados.png\" sizes=\"(max-width: 191px) 100vw, 191px\" srcset=\"https:\/\/madeiramartinsadv.com.br\/wp-content\/uploads\/2024\/03\/Protecao-de-Dados.png 191w, https:\/\/madeiramartinsadv.com.br\/wp-content\/uploads\/2024\/03\/Protecao-de-Dados-150x150.png 150w\" alt=\"\" width=\"191\" height=\"191\" \/><\/p>\n<h2>Prote\u00e7\u00e3o de dados<\/h2>\n<p><img loading=\"lazy\" decoding=\"async\" src=\"http:\/\/madeiramartinsadv.com.br\/wp-content\/uploads\/2024\/03\/Trabalhista.png\" alt=\"\" width=\"180\" height=\"171\" \/><\/p>\n<h2>Trabalhista<\/h2>\n<p><img loading=\"lazy\" decoding=\"async\" src=\"http:\/\/madeiramartinsadv.com.br\/wp-content\/uploads\/2024\/03\/Tributario.png\" alt=\"\" width=\"180\" height=\"155\" \/><\/p>\n<h2>Tribut\u00e1rio<\/h2>\n<p><img loading=\"lazy\" decoding=\"async\" src=\"http:\/\/madeiramartinsadv.com.br\/wp-content\/uploads\/2024\/03\/Familia-e-Sucessoes.png\" alt=\"\" width=\"191\" height=\"155\" \/><\/p>\n<h2>Familia e Sucess\u00f5es<\/h2>\n<p><img loading=\"lazy\" decoding=\"async\" src=\"http:\/\/madeiramartinsadv.com.br\/wp-content\/uploads\/2024\/03\/Societario.png\" sizes=\"(max-width: 180px) 100vw, 180px\" srcset=\"https:\/\/madeiramartinsadv.com.br\/wp-content\/uploads\/2024\/03\/Societario.png 180w, https:\/\/madeiramartinsadv.com.br\/wp-content\/uploads\/2024\/03\/Societario-150x150.png 150w\" alt=\"\" width=\"180\" height=\"181\" \/><\/p>\n<h2>Societ\u00e1rio<\/h2>\n<h2>Ver todas as \u00e1reas<\/h2>\n<p><a href=\"http:\/\/madeiramartinsadv.com.br\/?page_id=20\"><br \/>\n&gt;<br \/>\n<\/a><\/p>\n<h2>S\u00f3cias<\/h2>\n<p><img loading=\"lazy\" decoding=\"async\" src=\"http:\/\/madeiramartinsadv.com.br\/wp-content\/uploads\/2024\/03\/Imagem-06.png\" sizes=\"(max-width: 270px) 100vw, 270px\" srcset=\"https:\/\/madeiramartinsadv.com.br\/wp-content\/uploads\/2024\/03\/Imagem-06.png 270w, https:\/\/madeiramartinsadv.com.br\/wp-content\/uploads\/2024\/03\/Imagem-06-203x300.png 203w\" alt=\"\" width=\"270\" height=\"400\" \/><\/p>\n<p>Karine Cruz Martins<br \/>\nWojichowski<\/p>\n<p>Advogada especialista em Direito Tribut\u00e1rio e Direito Societ\u00e1rio, com mais de 12 anos de experi\u00eancia em Direito Societ\u00e1rio, Tribut\u00e1rio, Comercial e C\u00edvel.<\/p>\n<style>\/*! elementor - v3.19.0 - 28-02-2024 *\/<br \/>\n.elementor-accordion{text-align:left}.elementor-accordion .elementor-accordion-item{border:1px solid #d5d8dc}.elementor-accordion .elementor-accordion-item+.elementor-accordion-item{border-top:none}.elementor-accordion .elementor-tab-title{margin:0;padding:15px 20px;font-weight:700;line-height:1;cursor:pointer;outline:none}.elementor-accordion .elementor-tab-title .elementor-accordion-icon{display:inline-block;width:1.5em}.elementor-accordion .elementor-tab-title .elementor-accordion-icon svg{width:1em;height:1em}.elementor-accordion .elementor-tab-title .elementor-accordion-icon.elementor-accordion-icon-right{float:right;text-align:right}.elementor-accordion .elementor-tab-title .elementor-accordion-icon.elementor-accordion-icon-left{float:left;text-align:left}.elementor-accordion .elementor-tab-title .elementor-accordion-icon .elementor-accordion-icon-closed{display:block}.elementor-accordion .elementor-tab-title .elementor-accordion-icon .elementor-accordion-icon-opened,.elementor-accordion .elementor-tab-title.elementor-active .elementor-accordion-icon-closed{display:none}.elementor-accordion .elementor-tab-title.elementor-active .elementor-accordion-icon-opened{display:block}.elementor-accordion .elementor-tab-content{display:none;padding:15px 20px;border-top:1px solid #d5d8dc}@media (max-width:767px){.elementor-accordion .elementor-tab-title{padding:12px 15px}.elementor-accordion .elementor-tab-title .elementor-accordion-icon{width:1.2em}.elementor-accordion .elementor-tab-content{padding:7px 15px}}.e-con-inner>.elementor-widget-accordion,.e-con>.elementor-widget-accordion{width:var(--container-widget-width);--flex-grow:var(--container-widget-flex-grow)}<\/style>\n<p><a tabindex=\"0\">VER MAIS INFORMA\u00c7\u00d5ES<\/a><\/p>\n<ul>\n<li>P\u00f3s-Gradua\u00e7\u00e3o em Direito Empresarial com \u00canfase na Advocacia Empresarial pela PUCRS;<\/li>\n<li>P\u00f3s-Graduanda em Direito Tribut\u00e1rio pela Faculdade Legale<\/li>\n<\/ul>\n<p><img loading=\"lazy\" decoding=\"async\" src=\"http:\/\/madeiramartinsadv.com.br\/wp-content\/uploads\/2024\/03\/Imagem-05.png\" sizes=\"(max-width: 270px) 100vw, 270px\" srcset=\"https:\/\/madeiramartinsadv.com.br\/wp-content\/uploads\/2024\/03\/Imagem-05.png 270w, https:\/\/madeiramartinsadv.com.br\/wp-content\/uploads\/2024\/03\/Imagem-05-203x300.png 203w\" alt=\"\" width=\"270\" height=\"400\" \/><\/p>\n<p>Paula Louren\u00e7o<br \/>\nMadeira<\/p>\n<p>Advogada com mais de 12 anos de atua\u00e7\u00e3o com o foco no atendimento de excel\u00eancia. Possui larga experi\u00eancia em consultivo, preventivo, auditorias e contencioso.<\/p>\n<p><a tabindex=\"0\">VER MAIS INFORMA\u00c7\u00d5ES<\/a><\/p>\n<ul>\n<li>Mestrado Profissional em Propriedade Intelectual e Transfer\u00eancia de Tecnologia para Inova\u00e7\u00e3o (ProfNIT) pela Instituto Federal do Rio Grande do Sul<\/li>\n<li>P\u00f3s-Gradua\u00e7\u00e3o em Direito Empresarial com \u00canfase na Advocacia Empresarial pela PUCRS;<\/li>\n<li>MBA em Propriedade Intelectual, Direito e \u00c9tica pela Universidade C\u00e2ndido Mendes\/RJ;<\/li>\n<li>P\u00f3s-Gradua\u00e7\u00e3o em Direito Digital pelo Complexo de Ensino Renato Saraiva \u2013 CERS;<\/li>\n<li>P\u00f3s-Gradua\u00e7\u00e3o em Lei Geral de Prote\u00e7\u00e3o de Dados pela Faculdade Legale;<\/li>\n<li>P\u00f3s-Gradua\u00e7\u00e3o em Direito dos Contratos, Execu\u00e7\u00e3o Contratual e Responsabilidade Civil pela Faculdade Legal;<\/li>\n<li>Certifica\u00e7\u00e3o Profissional em Compliance \u2013 CPC-A<br \/>\nProfissional Certificado DPO \u2013 LGPD \u2013 Assespro-RS<\/li>\n<\/ul>\n<p>\u00daLTIMAS NOT\u00cdCIAS<\/p>\n<p><strong>Artigos &amp; Not\u00edcias<\/strong><\/p>\n","protected":false},"excerpt":{"rendered":"<p>Madeira &amp; Martins Advocacia Direito feito sob medida entrar em contato o escrit\u00f3rio Sobre A Madeira &amp; Martins Advocacia oferece servi\u00e7os jur\u00eddicos full service de qualidade que envolvem uma combina\u00e7\u00e3o de habilidades, conhecimentos e \u00e9tica profissional. Praticar a advocacia de maneira pr\u00e1tica, objetiva, assertiva e que auxilie os clientes na transforma\u00e7\u00e3o de temas de preocupa\u00e7\u00e3o [&hellip;]<\/p>\n","protected":false},"author":1,"featured_media":0,"parent":0,"menu_order":0,"comment_status":"closed","ping_status":"closed","template":"elementor_header_footer","meta":{"_joinchat":[],"footnotes":""},"class_list":["post-6","page","type-page","status-publish","hentry"],"_links":{"self":[{"href":"https:\/\/madeiramartinsadv.com.br\/index.php?rest_route=\/wp\/v2\/pages\/6","targetHints":{"allow":["GET"]}}],"collection":[{"href":"https:\/\/madeiramartinsadv.com.br\/index.php?rest_route=\/wp\/v2\/pages"}],"about":[{"href":"https:\/\/madeiramartinsadv.com.br\/index.php?rest_route=\/wp\/v2\/types\/page"}],"author":[{"embeddable":true,"href":"https:\/\/madeiramartinsadv.com.br\/index.php?rest_route=\/wp\/v2\/users\/1"}],"replies":[{"embeddable":true,"href":"https:\/\/madeiramartinsadv.com.br\/index.php?rest_route=%2Fwp%2Fv2%2Fcomments&post=6"}],"version-history":[{"count":61,"href":"https:\/\/madeiramartinsadv.com.br\/index.php?rest_route=\/wp\/v2\/pages\/6\/revisions"}],"predecessor-version":[{"id":263,"href":"https:\/\/madeiramartinsadv.com.br\/index.php?rest_route=\/wp\/v2\/pages\/6\/revisions\/263"}],"wp:attachment":[{"href":"https:\/\/madeiramartinsadv.com.br\/index.php?rest_route=%2Fwp%2Fv2%2Fmedia&parent=6"}],"curies":[{"name":"wp","href":"https:\/\/api.w.org\/{rel}","templated":true}]}}