{"id":2,"date":"2024-03-04T08:49:46","date_gmt":"2024-03-04T11:49:46","guid":{"rendered":"http:\/\/madeiramartinsadv.com.br\/?page_id=2"},"modified":"2024-03-09T15:37:25","modified_gmt":"2024-03-09T18:37:25","slug":"privacidade","status":"publish","type":"page","link":"https:\/\/madeiramartinsadv.com.br\/?page_id=2","title":{"rendered":"Pol\u00edtica de Privacidade"},"content":{"rendered":"\t\t<div data-elementor-type=\"wp-page\" data-elementor-id=\"2\" class=\"elementor elementor-2\">\n\t\t\t\t<div class=\"elementor-element elementor-element-343d1dd9 e-flex e-con-boxed e-con e-parent\" data-id=\"343d1dd9\" data-element_type=\"container\" data-settings=\"{&quot;content_width&quot;:&quot;boxed&quot;}\" data-core-v316-plus=\"true\">\n\t\t\t\t\t<div class=\"e-con-inner\">\n\t\t\t\t<div class=\"elementor-element elementor-element-2aa496ad elementor-widget elementor-widget-text-editor\" data-id=\"2aa496ad\" data-element_type=\"widget\" data-widget_type=\"text-editor.default\">\n\t\t\t\t<div class=\"elementor-widget-container\">\n\t\t\t<style>\/*! elementor - v3.19.0 - 28-02-2024 *\/\n.elementor-widget-text-editor.elementor-drop-cap-view-stacked .elementor-drop-cap{background-color:#69727d;color:#fff}.elementor-widget-text-editor.elementor-drop-cap-view-framed .elementor-drop-cap{color:#69727d;border:3px solid;background-color:transparent}.elementor-widget-text-editor:not(.elementor-drop-cap-view-default) .elementor-drop-cap{margin-top:8px}.elementor-widget-text-editor:not(.elementor-drop-cap-view-default) .elementor-drop-cap-letter{width:1em;height:1em}.elementor-widget-text-editor .elementor-drop-cap{float:left;text-align:center;line-height:1;font-size:50px}.elementor-widget-text-editor .elementor-drop-cap-letter{display:inline-block}<\/style>\t\t\t\t<!-- wp:heading -->\n<p>Por Pol\u00edtica de Privacidade de Dados Pessoais e Cookies (a \u201cPol\u00edtica de Privacidade\u201d), Voc\u00ea (o \u201cVisitante\u201d, \u201cVisitantes\u201d, \u201cVoc\u00ea\u201d) \u00e9 informado e tem ci\u00eancia das pr\u00e1ticas com rela\u00e7\u00e3o \u00e0 coleta, armazenamento, compartilhamento, e demais formas de tratamento de dados pessoais previstos legalmente (o \u201cTratamento de Dados Pessoais\u201d, se individualmente, e os \u201cTratamentos de Dados Pessoais\u201d, se em conjunto) que obtidos quando Voc\u00ea acessa e\/ou interage com e\/ou utiliza nossos websites (o \u201cSite\u201d).<\/p>\n<p><br \/>Realizamos Tratamentos de Dados Pessoais de titularidade dos Visitantes, em raz\u00e3o disso, determina todas as suas a\u00e7\u00f5es a partir de uma premissa de respeito e aten\u00e7\u00e3o com a privacidade e seguran\u00e7a desses dados pessoais. Para deixar Voc\u00ea no controle, <strong>recomendamos que leia atentamente esta Pol\u00edtica de Privacidade, pois ela ser\u00e1 aplic\u00e1vel durante todos os Tratamentos de Dados Pessoais de Clientes e Visitantes.<\/strong><\/p>\n<p><br \/>N\u00f3s atuamos continuamente para aprimorar os nossos formatos de Tratamentos de Dados Pessoais e o nosso Site, motivo pelo qual essa Pol\u00edtica ser\u00e1 revisada periodicamente. Para que Voc\u00ea esteja sempre a par das melhores pr\u00e1ticas de prote\u00e7\u00e3o da privacidade e seguran\u00e7a da informa\u00e7\u00e3o que adotamos, recomendamos que visite esta p\u00e1gina para visualizar a publica\u00e7\u00e3o das eventuais atualiza\u00e7\u00f5es. No entanto, n\u00e3o se preocupe, caso sejam feitas altera\u00e7\u00f5es relevantes que necessitem de um novo consentimento seu sobre algum tratamento de dados pessoais, iremos solicit\u00e1-lo novamente.<\/p>\n<h2><br \/>Quem somos<\/h2>\n<p>O endere\u00e7o do nosso site \u00e9: http:\/\/madeiramartinsadv.com.br.<\/p>\n<h2>Como coletamos os seus dados pessoais<\/h2>\n<p>Podemos coletar dados pessoais das seguintes maneiras:<\/p>\n<p>&#8211; Dados fornecidos por Voc\u00ea. Dados que Voc\u00ea envia para n\u00f3s de forma volunt\u00e1ria para alimentar os Sistemas, atrav\u00e9s de e-mail, chats, telefone, aplica\u00e7\u00f5es, formul\u00e1rios eletr\u00f4nicos, website etc., para acessar e utilizar os produtos e plenamente operar a nossa plataforma de servi\u00e7os, bem como solicitar orienta\u00e7\u00e3o e suportes diversos. Caso Voc\u00ea n\u00e3o forne\u00e7a esses dados, n\u00e3o poder\u00e1 utilizar a nossa plataforma de servi\u00e7os.<\/p>\n<p>&#8211; Dados que coletamos automaticamente. Dados que coletamos atrav\u00e9s de diagn\u00f3sticos de uso e desempenho do aplicativo, atrav\u00e9s de integra\u00e7\u00e3o de aplica\u00e7\u00f5es de tecnologia, cookies, o que inclui a forma como Voc\u00ea utiliza os nossos servi\u00e7os, arquivos de diagn\u00f3stico, falhas, registros de desempenho, dados de conex\u00f5es e dispositivos, informa\u00e7\u00f5es sobre sistemas operacionais, dados de localiza\u00e7\u00e3o, dados extra\u00eddos de cookies:<\/p>\n<p>Cookies: arquivos de internet que guardam informa\u00e7\u00f5es sobre sua utiliza\u00e7\u00e3o de websites e blogs, como hist\u00f3rico de visita\u00e7\u00e3o e prefer\u00eancias. Possu\u00edmos cookies em websites e blogs que s\u00e3o indispens\u00e1veis para o funcionamento, desempenho, funcionalidade e publicidade. Voc\u00ea pode desativar os cookies a qualquer momento na sua p\u00e1gina de navega\u00e7\u00e3o, mas as p\u00e1ginas poder\u00e3o deixar de funcionar.<\/p>\n<p>Web beacon: t\u00e9cnica que permite mapear quem est\u00e1 visitando uma determinada p\u00e1gina da web, identificando o seu comportamento com diferentes sites ou servidores da web.<\/p>\n<p>Ferramentas de analytics: ferramentas que podem coletar informa\u00e7\u00f5es como a forma que Voc\u00ea visita um site, incluindo quais p\u00e1ginas e quando Voc\u00ea visita tais p\u00e1ginas, al\u00e9m de outros sites que foram visitados antes, entre outras.<\/p>\n<p>&#8211; Dados de terceiros. Trabalhamos com prestadores de servi\u00e7os externos para nos ajudarem na opera\u00e7\u00e3o, execu\u00e7\u00e3o, aprimoramento e personaliza\u00e7\u00e3o dos nossos servi\u00e7os, como integra\u00e7\u00f5es de aplica\u00e7\u00f5es tecnol\u00f3gicas e formul\u00e1rios eletr\u00f4nicos.<\/p>\n<p>&#8211; Servi\u00e7os de terceiros. Se estivermos diante de servi\u00e7os prestados em conjunto com terceiros, como a opera\u00e7\u00e3o na bolsa e gera\u00e7\u00e3o de leads, poderemos receber dados fornecidos por eles em integra\u00e7\u00f5es de aplica\u00e7\u00f5es tecnol\u00f3gicas, ou formul\u00e1rios eletr\u00f4nicos ou outra forma.<\/p>\n<h2><br \/>Coment\u00e1rios<\/h2>\n<p>Quando os Visitantes deixam coment\u00e1rios no site, coletamos os dados mostrados no formul\u00e1rio de coment\u00e1rios, al\u00e9m do endere\u00e7o de IP e de dados do navegador do Visitante, para auxiliar na detec\u00e7\u00e3o de spam.<\/p>\n<p>Uma sequ\u00eancia anonimizada de caracteres criada a partir do seu e-mail (tamb\u00e9m chamada de hash) poder\u00e1 ser enviada para o Gravatar para verificar se voc\u00ea usa o servi\u00e7o. A pol\u00edtica de privacidade do Gravatar est\u00e1 dispon\u00edvel aqui: https:\/\/automattic.com\/privacy\/. Depois da aprova\u00e7\u00e3o do seu coment\u00e1rio, a foto do seu perfil fica vis\u00edvel publicamente junto de seu coment\u00e1rio.<\/p>\n<h2>M\u00eddia<\/h2>\n<p>Se voc\u00ea envia imagens para o site, evite enviar as que contenham dados de localiza\u00e7\u00e3o incorporados (EXIF GPS). Visitantes podem baixar estas imagens do site e extrair delas seus dados de localiza\u00e7\u00e3o.<\/p>\n<h2>Cookies<\/h2>\n<p>Cookies s\u00e3o pequenos arquivos criados pelos websites visitados por Voc\u00ea. Eles economizam informa\u00e7\u00f5es de navega\u00e7\u00e3o para tornar a experi\u00eancia on-line mais customizada, f\u00e1cil e c\u00e9lere. Atrav\u00e9s deles, Voc\u00ea pode se manter conectado, ter suas prefer\u00eancias lembradas e ver conte\u00fado local relevante de forma mais pr\u00e1tica.<\/p>\n<p>Ao deixar um coment\u00e1rio no site, voc\u00ea poder\u00e1 optar por salvar seu nome, e-mail e site nos cookies. Isso visa seu conforto, assim voc\u00ea n\u00e3o precisar\u00e1 preencher seus dados novamente quando fizer outro coment\u00e1rio. Estes cookies duram um ano.<\/p>\n<p>Se voc\u00ea tem uma conta e acessa este site, um cookie tempor\u00e1rio ser\u00e1 criado para determinar se seu navegador aceita cookies. Ele n\u00e3o cont\u00e9m nenhum dado pessoal e ser\u00e1 descartado quando voc\u00ea fechar seu navegador.<\/p>\n<p>Quando voc\u00ea acessa sua conta no site, tamb\u00e9m criamos v\u00e1rios cookies para salvar os dados da sua conta e suas escolhas de exibi\u00e7\u00e3o de tela. Cookies de login s\u00e3o mantidos por dois dias e cookies de op\u00e7\u00f5es de tela por um ano. Se voc\u00ea selecionar &#8220;Lembrar-me&#8221;, seu acesso ser\u00e1 mantido por duas semanas. Se voc\u00ea se desconectar da sua conta, os cookies de login ser\u00e3o removidos.<\/p>\n<p>Se voc\u00ea editar ou publicar um artigo, um cookie adicional ser\u00e1 salvo no seu navegador. Este cookie n\u00e3o inclui nenhum dado pessoal e simplesmente indica o ID do post referente ao artigo que voc\u00ea acabou de editar. Ele expira depois de 1 dia.<\/p>\n<p>N\u00f3s usamos os cookies para entender, proteger, operar, customizar e disponibilizar nossos servi\u00e7os, bem como para melhorar a sua experi\u00eancia, entender como nossos servi\u00e7os est\u00e3o sendo acessados e usados, lembrar suas escolhas, classificar a popularidade das nossas p\u00e1ginas e entender a sua efic\u00e1cia.<\/p>\n<h2>M\u00eddia incorporada de outros sites<\/h2>\n<p>Artigos neste site podem incluir conte\u00fado incorporado como, por exemplo, v\u00eddeos, imagens, artigos, etc. Conte\u00fados incorporados de outros sites se comportam exatamente da mesma forma como se o Visitante estivesse visitando o outro site.<\/p>\n<p>Estes sites podem coletar dados sobre voc\u00ea, usar cookies, incorporar rastreamento adicional de terceiros e monitorar sua intera\u00e7\u00e3o com este conte\u00fado incorporado, incluindo sua intera\u00e7\u00e3o com o conte\u00fado incorporado se voc\u00ea tem uma conta e est\u00e1 conectado com o site.<\/p>\n<h2>Com quem compartilhamos seus dados<\/h2>\n<p>Compartilhamos seus dados pessoais em casos de necessidade para nos ajudar a operar, fornecer, aprimorar, entender, personalizar, oferecer suporte e anunciar Servi\u00e7os:<\/p>\n<p>&#8211; Terceiros. Fornecedores, prestadores de servi\u00e7os e\/ou parceiros comerciais, quando necess\u00e1rio \u00e0 comercializa\u00e7\u00e3o dos nossos produtos, realiza\u00e7\u00e3o de publicidade, inclusive destes, otimiza\u00e7\u00e3o de produtos, administra\u00e7\u00e3o de nossos neg\u00f3cios e concretiza\u00e7\u00e3o de objetivos comerciais. Nesses casos, esses prestadores de servi\u00e7os especializados se submeter\u00e3o \u00e0 ado\u00e7\u00e3o de contrato que assegure o sigilo e a confidencialidade, bem como o tratamento adequado dos dados. Ainda, com plataformas de negocia\u00e7\u00e3o, corretoras e intermedi\u00e1rios com os quais Voc\u00ea tenha alguma rela\u00e7\u00e3o.<\/p>\n<p>&#8211; \u00d3rg\u00e3os governamentais. Para cumprir obriga\u00e7\u00f5es legais e regulat\u00f3rias, em especial entidades fiscais, inclusive por ordem judicial ou solicita\u00e7\u00e3o do Minist\u00e9rio P\u00fablico, de autoridade policial ou administrativa.<\/p>\n<p>N\u00e3o vendemos, alugamos ou comercializamos quaisquer Dados Pessoais para terceiros.<\/p>\n<h2>Para quais finalidades coletamos os seus Dados Pessoais<\/h2>\n<p>N\u00f3s coletamos os seus dados pessoais para operar, fornecer, melhorar, personalizar, entender, oferecer suporte, anunciar servi\u00e7os, incluindo a instala\u00e7\u00e3o, acesso e uso dos Sistemas e servi\u00e7os prestados.<\/p>\n<p>Voc\u00ea pode escolher n\u00e3o receber comunica\u00e7\u00f5es para fins de marketing. Para tanto, basta gerenciar as suas prefer\u00eancias nas op\u00e7\u00f5es dispon\u00edveis no rodap\u00e9 de nossos e-mails, ou entrando em contato conosco atrav\u00e9s do endere\u00e7o: contato@madeiramartinsadv.com.br<\/p>\n<p>Outras novas atividades que demandem a execu\u00e7\u00e3o dos Tratamentos de Dados Pessoais que porventura n\u00e3o relatadas acima ser\u00e3o devidamente inclu\u00eddas nesta Pol\u00edtica e informadas aos titulares dos dados pessoais.<\/p>\n<h2>Por quanto tempo mantemos os seus dados<\/h2>\n<p>Se voc\u00ea deixar um coment\u00e1rio, o coment\u00e1rio e os seus metadados s\u00e3o conservados indefinidamente. Fazemos isso para que seja poss\u00edvel reconhecer e aprovar automaticamente qualquer coment\u00e1rio posterior ao inv\u00e9s de ret\u00ea-lo para modera\u00e7\u00e3o.<\/p>\n<p>Para Visitantes que se registram no nosso site (se houver), tamb\u00e9m guardamos as informa\u00e7\u00f5es pessoais que fornecem no seu perfil de usu\u00e1rio. Todos os Visitantes podem ver, editar ou excluir suas informa\u00e7\u00f5es pessoais a qualquer momento (s\u00f3 n\u00e3o \u00e9 poss\u00edvel alterar o seu username). Os administradores de sites tamb\u00e9m podem ver e editar estas informa\u00e7\u00f5es.<\/p>\n<h2>Quais os seus direitos sobre seus dados<\/h2>\n<p>Se voc\u00ea tiver uma conta neste site ou se tiver deixado coment\u00e1rios, pode solicitar um arquivo exportado dos dados pessoais que mantemos sobre voc\u00ea, inclusive quaisquer dados que nos tenha fornecido. Tamb\u00e9m pode solicitar que removamos qualquer dado pessoal que mantemos sobre voc\u00ea. Isto n\u00e3o inclui nenhuns dados que somos obrigados a manter para prop\u00f3sitos administrativos, legais ou de seguran\u00e7a.<br \/>reservamos o direito de solicitar seus Dados de Identifica\u00e7\u00e3o, Autentica\u00e7\u00e3o e Contato para garantir o exerc\u00edcio dos seus direitos sobre dados pessoais de sua titularidade ou de pessoas que Voc\u00ea, de forma leg\u00edtima e comprovada, representa.<\/p>\n<p>Podemos contatar Voc\u00ea para obter outras informa\u00e7\u00f5es sobre a sua solicita\u00e7\u00e3o no Canal de Comunica\u00e7\u00f5es adequado.<\/p>\n<p>Envidamos os maiores e melhores esfor\u00e7os para responder todas as solicita\u00e7\u00f5es leg\u00edtimas dentro de um prazo razo\u00e1vel.<\/p>\n<p>Para exercer os seus direitos, Voc\u00ea dever\u00e1 entrar em contato com o nosso Encarregado (DPO) pelo e-mail contato@madeiramartinsadv.com.br.<\/p>\n<p>A solicita\u00e7\u00e3o ser\u00e1 analisada e, sendo pertinente, respondida em at\u00e9 15 (quinze) dias, contados do recebimento, e qualquer corre\u00e7\u00e3o, caso necess\u00e1ria, ser\u00e1 realizada o mais breve poss\u00edvel.<\/p>\n<h2>Como armazenamos os seus dados pessoais<\/h2>\n<p>Fazemos uso das melhores pr\u00e1ticas de governan\u00e7a, t\u00e9cnicas, organizacionais e de seguran\u00e7a destinadas a proteger seus dados pessoais nos nossos servidores, na nuvem contratada com terceiro e nas esta\u00e7\u00f5es f\u00edsicas e digitais de trabalho.<\/p>\n<p>A seguran\u00e7a das informa\u00e7\u00f5es depende tamb\u00e9m da seguran\u00e7a do seu computador, dispositivo ou rede que Voc\u00ea fa\u00e7a uso para se comunicar, bem como o n\u00edvel de seguran\u00e7a que Voc\u00ea utiliza para proteger seus dados pessoais (e.g.: login de Usu\u00e1rio e senha), sendo sua a responsabilidade de certificar a gest\u00e3o adequada e necess\u00e1ria para proteger essas informa\u00e7\u00f5es.<\/p>\n<h2>Para onde enviamos seus dados<\/h2>\n<p>Coment\u00e1rios de Visitantes podem ser marcados por um servi\u00e7o autom\u00e1tico de detec\u00e7\u00e3o de spam.<\/p>\n<h2>Transfer\u00eancia internacional de dados<\/h2>\n<p>Reservamos o direito de transferir dados pessoais coletados para fora do Brasil, sempre em observ\u00e2ncia ao mecanismos, princ\u00edpios e crit\u00e9rios legais da legisla\u00e7\u00e3o aplic\u00e1vel. Realizamos transfer\u00eancias internacional de Dados Pessoais com terceiros operadores localizados nos Estados Unidos da Am\u00e9rica com a finalidade de armazenamento.<\/p>\n<h2>D\u00favidas, controle dos dados e como exercer seus direitos<\/h2>\n<p>Se Voc\u00ea quiser falar sobre qualquer tipo de ocorr\u00eancia e\/ou pedidos de orienta\u00e7\u00e3o e\/ou curiosidades e\/ou sugest\u00f5es e\/ou coment\u00e1rios e\/ou cr\u00edticas sobre os Tratamentos de Dados Pessoais que realizamos, Voc\u00ea pode entrar em contato conosco no seguinte endere\u00e7o:<br \/>contato@madeiramartinsadv.com.br<\/p>\n<h2>Mudan\u00e7as na Pol\u00edtica<\/h2>\n<p>Esta Pol\u00edtica de Privacidade ser\u00e1 revisada e republicada periodicamente, portanto recomendamos que visite este documento frequentemente; as mudan\u00e7as ser\u00e3o comunicadas individualmente apenas se houver altera\u00e7\u00f5es que alterem significativamente os direitos dos titulares \u00e0 sua privacidade e a prote\u00e7\u00e3o de seus dados pessoais.<\/p>\n<!-- \/wp:paragraph -->\t\t\t\t\t\t<\/div>\n\t\t\t\t<\/div>\n\t\t\t\t\t<\/div>\n\t\t\t\t<\/div>\n\t\t\t\t<\/div>\n\t\t","protected":false},"excerpt":{"rendered":"<p>Por Pol\u00edtica de Privacidade de Dados Pessoais e Cookies (a \u201cPol\u00edtica de Privacidade\u201d), Voc\u00ea (o \u201cVisitante\u201d, \u201cVisitantes\u201d, \u201cVoc\u00ea\u201d) \u00e9 informado e tem ci\u00eancia das pr\u00e1ticas com rela\u00e7\u00e3o \u00e0 coleta, armazenamento, compartilhamento, e demais formas de tratamento de dados pessoais previstos legalmente (o \u201cTratamento de Dados Pessoais\u201d, se individualmente, e os \u201cTratamentos de Dados Pessoais\u201d, se [&hellip;]<\/p>\n","protected":false},"author":1,"featured_media":0,"parent":0,"menu_order":0,"comment_status":"closed","ping_status":"closed","template":"","meta":{"_joinchat":[],"footnotes":""},"class_list":["post-2","page","type-page","status-publish","hentry"],"_links":{"self":[{"href":"https:\/\/madeiramartinsadv.com.br\/index.php?rest_route=\/wp\/v2\/pages\/2","targetHints":{"allow":["GET"]}}],"collection":[{"href":"https:\/\/madeiramartinsadv.com.br\/index.php?rest_route=\/wp\/v2\/pages"}],"about":[{"href":"https:\/\/madeiramartinsadv.com.br\/index.php?rest_route=\/wp\/v2\/types\/page"}],"author":[{"embeddable":true,"href":"https:\/\/madeiramartinsadv.com.br\/index.php?rest_route=\/wp\/v2\/users\/1"}],"replies":[{"embeddable":true,"href":"https:\/\/madeiramartinsadv.com.br\/index.php?rest_route=%2Fwp%2Fv2%2Fcomments&post=2"}],"version-history":[{"count":8,"href":"https:\/\/madeiramartinsadv.com.br\/index.php?rest_route=\/wp\/v2\/pages\/2\/revisions"}],"predecessor-version":[{"id":219,"href":"https:\/\/madeiramartinsadv.com.br\/index.php?rest_route=\/wp\/v2\/pages\/2\/revisions\/219"}],"wp:attachment":[{"href":"https:\/\/madeiramartinsadv.com.br\/index.php?rest_route=%2Fwp%2Fv2%2Fmedia&parent=2"}],"curies":[{"name":"wp","href":"https:\/\/api.w.org\/{rel}","templated":true}]}}